{"id":141,"date":"2023-04-17T11:40:41","date_gmt":"2023-04-17T16:40:41","guid":{"rendered":"https:\/\/proyectos.kpserver.net\/gure\/?post_type=product&#038;p=141"},"modified":"2023-04-21T08:21:13","modified_gmt":"2023-04-21T13:21:13","slug":"palichoc-mani-y-quinua","status":"publish","type":"product","link":"https:\/\/proyectos.kpserver.net\/gure\/producto\/palichoc-mani-y-quinua\/","title":{"rendered":"Palichoc Man\u00ed y Quinua"},"content":{"rendered":"<p>Palichoc Man\u00ed y Quinua alimenta y nutre con su torbellino de nutrici\u00f3n, por contener man\u00cd, quinua y extracto de malta.<\/p>\n","protected":false},"excerpt":{"rendered":"<h3>Presentaci\u00f3n:<\/h3>\n<ul>\n<li>Caja x 7 jarras x 48 sobres x 20 gr<\/li>\n<li>Caja x 24 displays x 16 unidades x 20 gr<\/li>\n<\/ul>\n<h3>Beneficios:<\/h3>\n<ul>\n<li><u>Man\u00ed:<\/u> Reduce el riesgo de alzheimer<\/li>\n<li><u>Quinua: <\/u>Bueno para el desarrollo cerebral<\/li>\n<li><u>Extracto de malta:<\/u> Contribuye al desarrollo y crecimiento normal de los ni\u00f1os<\/li>\n<\/ul>\n","protected":false},"featured_media":152,"comment_status":"open","ping_status":"closed","template":"","meta":[],"product_brand":[],"product_cat":[15,43],"product_tag":[],"class_list":{"0":"post-141","1":"product","2":"type-product","3":"status-publish","4":"has-post-thumbnail","6":"product_cat-chocolates","7":"product_cat-destacados","9":"first","10":"instock","11":"shipping-taxable","12":"product-type-simple"},"_links":{"self":[{"href":"https:\/\/proyectos.kpserver.net\/gure\/wp-json\/wp\/v2\/product\/141","targetHints":{"allow":["GET"]}}],"collection":[{"href":"https:\/\/proyectos.kpserver.net\/gure\/wp-json\/wp\/v2\/product"}],"about":[{"href":"https:\/\/proyectos.kpserver.net\/gure\/wp-json\/wp\/v2\/types\/product"}],"replies":[{"embeddable":true,"href":"https:\/\/proyectos.kpserver.net\/gure\/wp-json\/wp\/v2\/comments?post=141"}],"wp:featuredmedia":[{"embeddable":true,"href":"https:\/\/proyectos.kpserver.net\/gure\/wp-json\/wp\/v2\/media\/152"}],"wp:attachment":[{"href":"https:\/\/proyectos.kpserver.net\/gure\/wp-json\/wp\/v2\/media?parent=141"}],"wp:term":[{"taxonomy":"product_brand","embeddable":true,"href":"https:\/\/proyectos.kpserver.net\/gure\/wp-json\/wp\/v2\/product_brand?post=141"},{"taxonomy":"product_cat","embeddable":true,"href":"https:\/\/proyectos.kpserver.net\/gure\/wp-json\/wp\/v2\/product_cat?post=141"},{"taxonomy":"product_tag","embeddable":true,"href":"https:\/\/proyectos.kpserver.net\/gure\/wp-json\/wp\/v2\/product_tag?post=141"}],"curies":[{"name":"wp","href":"https:\/\/api.w.org\/{rel}","templated":true}]}}