{"id":51,"date":"2023-04-07T19:09:15","date_gmt":"2023-04-08T00:09:15","guid":{"rendered":"https:\/\/proyectos.kpserver.net\/gure\/?post_type=product&#038;p=51"},"modified":"2023-04-07T19:15:39","modified_gmt":"2023-04-08T00:15:39","slug":"cobertura-bitter-sin-azucar-curazao","status":"publish","type":"product","link":"https:\/\/proyectos.kpserver.net\/gure\/producto\/cobertura-bitter-sin-azucar-curazao\/","title":{"rendered":"Cobertura bitter sin az\u00facar Curazao"},"content":{"rendered":"<p>Endulzado con stevia y maltitol, lo pueden consumir tambi\u00e9n los diab\u00e9ticos.<\/p>\n","protected":false},"excerpt":{"rendered":"<p>Presentaci\u00f3n: Caja x 24 dips x 6 unid x 100grms<\/p>\n","protected":false},"featured_media":54,"comment_status":"open","ping_status":"closed","template":"","meta":[],"product_brand":[],"product_cat":[17],"product_tag":[25],"class_list":{"0":"post-51","1":"product","2":"type-product","3":"status-publish","4":"has-post-thumbnail","6":"product_cat-reposteria","7":"product_tag-cobertura-sin-azucar","9":"first","10":"instock","11":"shipping-taxable","12":"product-type-simple"},"_links":{"self":[{"href":"https:\/\/proyectos.kpserver.net\/gure\/wp-json\/wp\/v2\/product\/51","targetHints":{"allow":["GET"]}}],"collection":[{"href":"https:\/\/proyectos.kpserver.net\/gure\/wp-json\/wp\/v2\/product"}],"about":[{"href":"https:\/\/proyectos.kpserver.net\/gure\/wp-json\/wp\/v2\/types\/product"}],"replies":[{"embeddable":true,"href":"https:\/\/proyectos.kpserver.net\/gure\/wp-json\/wp\/v2\/comments?post=51"}],"wp:featuredmedia":[{"embeddable":true,"href":"https:\/\/proyectos.kpserver.net\/gure\/wp-json\/wp\/v2\/media\/54"}],"wp:attachment":[{"href":"https:\/\/proyectos.kpserver.net\/gure\/wp-json\/wp\/v2\/media?parent=51"}],"wp:term":[{"taxonomy":"product_brand","embeddable":true,"href":"https:\/\/proyectos.kpserver.net\/gure\/wp-json\/wp\/v2\/product_brand?post=51"},{"taxonomy":"product_cat","embeddable":true,"href":"https:\/\/proyectos.kpserver.net\/gure\/wp-json\/wp\/v2\/product_cat?post=51"},{"taxonomy":"product_tag","embeddable":true,"href":"https:\/\/proyectos.kpserver.net\/gure\/wp-json\/wp\/v2\/product_tag?post=51"}],"curies":[{"name":"wp","href":"https:\/\/api.w.org\/{rel}","templated":true}]}}