{"id":71,"date":"2023-04-11T10:07:34","date_gmt":"2023-04-11T15:07:34","guid":{"rendered":"https:\/\/proyectos.kpserver.net\/gure\/?post_type=product&#038;p=71"},"modified":"2023-04-21T08:56:54","modified_gmt":"2023-04-21T13:56:54","slug":"cocoa-bitter-curazao","status":"publish","type":"product","link":"https:\/\/proyectos.kpserver.net\/gure\/producto\/cocoa-bitter-curazao\/","title":{"rendered":"Cocoa Bitter Curazao"},"content":{"rendered":"<p>Autentico sabor a Cocoa. Color intenso a chocolate, sabor a chocolate Bitter, rinde m\u00e1s que la competencia. Para preparar bebidas calientes o fr\u00edas instant\u00e1neas.<\/p>\n","protected":false},"excerpt":{"rendered":"<h3>Presentaci\u00f3n:<\/h3>\n<ul>\n<li>Caja x 6 display x 6 und x 150 gr.<\/li>\n<li>Bolsa 30 x 150 gr.<\/li>\n<li>Caja x 12 disp x 50 x 9 gr.<\/li>\n<li>Caja x 36 tiras x 12 unid x 9 gr.<\/li>\n<li>Caja x 12 disp x 20 x 18 gr.<\/li>\n<li>Caja x 18 tiras x 12 unid x 23 gr.<\/li>\n<li>Caja x 24 frascos x 201 gr.<\/li>\n<\/ul>\n<h3>Beneficios:<\/h3>\n<p>Cocoa Curazao, Nutrimos a la nueva generaci\u00f3n, contiene hierro que previene la anemia, fibra que ayuda a la digesti\u00f3n y la vitamina A que ayuda al sistema inmunol\u00f3gico con alto rendimiento especial para reposter\u00eda<\/p>\n","protected":false},"featured_media":153,"comment_status":"open","ping_status":"closed","template":"","meta":[],"product_brand":[],"product_cat":[17],"product_tag":[33],"class_list":{"0":"post-71","1":"product","2":"type-product","3":"status-publish","4":"has-post-thumbnail","6":"product_cat-reposteria","7":"product_tag-cocoa-bitter-curazao","9":"first","10":"instock","11":"shipping-taxable","12":"product-type-simple"},"_links":{"self":[{"href":"https:\/\/proyectos.kpserver.net\/gure\/wp-json\/wp\/v2\/product\/71","targetHints":{"allow":["GET"]}}],"collection":[{"href":"https:\/\/proyectos.kpserver.net\/gure\/wp-json\/wp\/v2\/product"}],"about":[{"href":"https:\/\/proyectos.kpserver.net\/gure\/wp-json\/wp\/v2\/types\/product"}],"replies":[{"embeddable":true,"href":"https:\/\/proyectos.kpserver.net\/gure\/wp-json\/wp\/v2\/comments?post=71"}],"wp:featuredmedia":[{"embeddable":true,"href":"https:\/\/proyectos.kpserver.net\/gure\/wp-json\/wp\/v2\/media\/153"}],"wp:attachment":[{"href":"https:\/\/proyectos.kpserver.net\/gure\/wp-json\/wp\/v2\/media?parent=71"}],"wp:term":[{"taxonomy":"product_brand","embeddable":true,"href":"https:\/\/proyectos.kpserver.net\/gure\/wp-json\/wp\/v2\/product_brand?post=71"},{"taxonomy":"product_cat","embeddable":true,"href":"https:\/\/proyectos.kpserver.net\/gure\/wp-json\/wp\/v2\/product_cat?post=71"},{"taxonomy":"product_tag","embeddable":true,"href":"https:\/\/proyectos.kpserver.net\/gure\/wp-json\/wp\/v2\/product_tag?post=71"}],"curies":[{"name":"wp","href":"https:\/\/api.w.org\/{rel}","templated":true}]}}