{"id":50,"date":"2023-01-17T18:16:45","date_gmt":"2023-01-17T18:16:45","guid":{"rendered":"https:\/\/www.inflablesmaelsa.com.pe\/nuevo\/?post_type=product&#038;p=50"},"modified":"2023-01-23T14:19:31","modified_gmt":"2023-01-23T14:19:31","slug":"castillo-bebe","status":"publish","type":"product","link":"https:\/\/proyectos.kpserver.net\/maelsa\/producto\/castillo-bebe\/","title":{"rendered":"Castillo Bebe"},"content":{"rendered":"<p>Un castillo dise\u00f1ado para los m\u00e1s peque\u00f1os del hogar, con pelotas que les permitir\u00e1 sana diversi\u00f3n y segura, sin lastimarse<\/p>\n","protected":false},"excerpt":{"rendered":"<p>Un castillo dise\u00f1ado para los m\u00e1s peque\u00f1os del hogar, con pelotas que les permitir\u00e1 sana diversi\u00f3n y segura, sin lastimarse<\/p>\n","protected":false},"featured_media":91,"comment_status":"open","ping_status":"closed","template":"","meta":[],"product_brand":[],"product_cat":[15],"product_tag":[21,19,20],"class_list":{"0":"post-50","1":"product","2":"type-product","3":"status-publish","4":"has-post-thumbnail","6":"product_cat-juegos-inflables","7":"product_tag-castillo-bebe","8":"product_tag-castillo-de-aire","9":"product_tag-castillo-para-cumpleanos","11":"first","12":"instock","13":"shipping-taxable","14":"product-type-simple"},"_links":{"self":[{"href":"https:\/\/proyectos.kpserver.net\/maelsa\/wp-json\/wp\/v2\/product\/50","targetHints":{"allow":["GET"]}}],"collection":[{"href":"https:\/\/proyectos.kpserver.net\/maelsa\/wp-json\/wp\/v2\/product"}],"about":[{"href":"https:\/\/proyectos.kpserver.net\/maelsa\/wp-json\/wp\/v2\/types\/product"}],"replies":[{"embeddable":true,"href":"https:\/\/proyectos.kpserver.net\/maelsa\/wp-json\/wp\/v2\/comments?post=50"}],"wp:featuredmedia":[{"embeddable":true,"href":"https:\/\/proyectos.kpserver.net\/maelsa\/wp-json\/wp\/v2\/media\/91"}],"wp:attachment":[{"href":"https:\/\/proyectos.kpserver.net\/maelsa\/wp-json\/wp\/v2\/media?parent=50"}],"wp:term":[{"taxonomy":"product_brand","embeddable":true,"href":"https:\/\/proyectos.kpserver.net\/maelsa\/wp-json\/wp\/v2\/product_brand?post=50"},{"taxonomy":"product_cat","embeddable":true,"href":"https:\/\/proyectos.kpserver.net\/maelsa\/wp-json\/wp\/v2\/product_cat?post=50"},{"taxonomy":"product_tag","embeddable":true,"href":"https:\/\/proyectos.kpserver.net\/maelsa\/wp-json\/wp\/v2\/product_tag?post=50"}],"curies":[{"name":"wp","href":"https:\/\/api.w.org\/{rel}","templated":true}]}}